{"id":130,"date":"2018-05-29T08:27:02","date_gmt":"2018-05-29T08:27:02","guid":{"rendered":"http:\/\/synergyksiegowy.pl\/?page_id=130"},"modified":"2018-05-30T14:19:20","modified_gmt":"2018-05-30T12:19:20","slug":"specjalizacje","status":"publish","type":"page","link":"https:\/\/synergyksiegowy.pl\/?page_id=130","title":{"rendered":"Dlaczego my"},"content":{"rendered":"\t\t<div data-elementor-type=\"wp-post\" data-elementor-id=\"130\" class=\"elementor elementor-130 elementor-bc-flex-widget\">\n\t\t\t\t\t\t<div class=\"elementor-inner\">\n\t\t\t\t<div class=\"elementor-section-wrap\">\n\t\t\t\t\t\t\t\t\t<section class=\"elementor-section elementor-top-section elementor-element elementor-element-27d925a elementor-section-boxed elementor-section-height-default elementor-section-height-default\" data-id=\"27d925a\" data-element_type=\"section\">\n\t\t\t\t\t\t<div class=\"elementor-container elementor-column-gap-default\">\n\t\t\t\t\t\t\t<div class=\"elementor-row\">\n\t\t\t\t\t<div class=\"elementor-column elementor-col-100 elementor-top-column elementor-element elementor-element-ae7ed01\" data-id=\"ae7ed01\" data-element_type=\"column\">\n\t\t\t<div class=\"elementor-column-wrap elementor-element-populated\">\n\t\t\t\t\t\t\t<div class=\"elementor-widget-wrap\">\n\t\t\t\t\t\t<div class=\"elementor-element elementor-element-d6938bf elementor-widget elementor-widget-heading\" data-id=\"d6938bf\" data-element_type=\"widget\" data-widget_type=\"heading.default\">\n\t\t\t\t<div class=\"elementor-widget-container\">\n\t\t\t<h2 class=\"elementor-heading-title elementor-size-default\">Dlaczego my<\/h2>\t\t<\/div>\n\t\t\t\t<\/div>\n\t\t\t\t\t\t<\/div>\n\t\t\t\t\t<\/div>\n\t\t<\/div>\n\t\t\t\t\t\t\t\t<\/div>\n\t\t\t\t\t<\/div>\n\t\t<\/section>\n\t\t\t\t<section class=\"elementor-section elementor-top-section elementor-element elementor-element-7f4790f elementor-section-boxed elementor-section-height-default elementor-section-height-default\" data-id=\"7f4790f\" data-element_type=\"section\">\n\t\t\t\t\t\t<div class=\"elementor-container elementor-column-gap-default\">\n\t\t\t\t\t\t\t<div class=\"elementor-row\">\n\t\t\t\t\t<div class=\"elementor-column elementor-col-100 elementor-top-column elementor-element elementor-element-09da701\" data-id=\"09da701\" data-element_type=\"column\">\n\t\t\t<div class=\"elementor-column-wrap elementor-element-populated\">\n\t\t\t\t\t\t\t<div class=\"elementor-widget-wrap\">\n\t\t\t\t\t\t<div class=\"elementor-element elementor-element-669f570 elementor-widget elementor-widget-heading\" data-id=\"669f570\" data-element_type=\"widget\" data-widget_type=\"heading.default\">\n\t\t\t\t<div class=\"elementor-widget-container\">\n\t\t\t<h2 class=\"elementor-heading-title elementor-size-default\">Jeste\u015bmy biurem rachunkowym kt\u00f3re cechuje indywidualne podej\u015bcie do ka\u017cdego klienta, cechuje nas profesjonalizm, dlatego stale aktualizujemy swoj\u0105 wiedz\u0119 z zakresu rachunkowo\u015bci oraz prawa pracy, aby \u015bwiadczone przez nas us\u0142ugi by\u0142y na najwy\u017cszym poziomie. <br>W obecnych czasach informacje dostarczane przez rachunkowo\u015b\u0107 stanowi\u0105 podstaw\u0119 decyzji biznesowych, kt\u00f3re s\u0105 warunkiem umo\u017cliwiaj\u0105cym \n<p>realizacj\u0119 wyznaczonych firmie cel\u00f3w.<br><br>Je\u017celi s\u0105 Pa\u0144stwo zainteresowani specjalnie przygotowan\u0105 dla Pa\u0144stwa ofert\u0105 prosimy o kontakt.<\/p> <\/h2>\t\t<\/div>\n\t\t\t\t<\/div>\n\t\t\t\t<section class=\"elementor-section elementor-inner-section elementor-element elementor-element-6f34fbb elementor-section-boxed elementor-section-height-default elementor-section-height-default\" data-id=\"6f34fbb\" data-element_type=\"section\">\n\t\t\t\t\t\t<div class=\"elementor-container elementor-column-gap-default\">\n\t\t\t\t\t\t\t<div class=\"elementor-row\">\n\t\t\t\t\t<div class=\"elementor-column elementor-col-50 elementor-inner-column elementor-element elementor-element-84618dd\" data-id=\"84618dd\" data-element_type=\"column\">\n\t\t\t<div class=\"elementor-column-wrap elementor-element-populated\">\n\t\t\t\t\t\t\t<div class=\"elementor-widget-wrap\">\n\t\t\t\t\t\t<div class=\"elementor-element elementor-element-2768ca4 elementor-widget elementor-widget-text-editor\" data-id=\"2768ca4\" data-element_type=\"widget\" data-widget_type=\"text-editor.default\">\n\t\t\t\t<div class=\"elementor-widget-container\">\n\t\t\t\t\t\t\t\t<div class=\"elementor-text-editor elementor-clearfix\">\n\t\t\t\t<p><strong>Co nas wyr\u00f3\u017cnia?<\/strong><\/p><ul><li>odbieramy dokumenty z firmy lub z innego uzgodnionego miejsca<\/li><li>gwarantujemy sta\u0142y kontakt<\/li><li>nasze biuro przygotowuje i wysy\u0142a jednolity plik kontrolny za darmo, nie doliczamy \u017cadnych dodatkowych op\u0142at\u00a0<\/li><li>us\u0142ugi \u015bwiadczymy w naszym biurze b\u0105d\u017a w siedzibie klienta<\/li><li>ksi\u0119gujemy dokumenty codziennie<\/li><li>mo\u017cliwo\u015b\u0107 wprowadzania przelew\u00f3w bankowych<\/li><li>mo\u017cliwo\u015b\u0107 spotka\u0144 podsumowuj\u0105cych dotychczasow\u0105 dzia\u0142alno\u015b\u0107 firmy i analiza mo\u017cliwo\u015bci dalszego rozwoju<\/li><\/ul>\t\t\t\t\t<\/div>\n\t\t\t\t\t\t<\/div>\n\t\t\t\t<\/div>\n\t\t\t\t\t\t<\/div>\n\t\t\t\t\t<\/div>\n\t\t<\/div>\n\t\t\t\t<div class=\"elementor-column elementor-col-50 elementor-inner-column elementor-element elementor-element-2e8e602\" data-id=\"2e8e602\" data-element_type=\"column\">\n\t\t\t<div class=\"elementor-column-wrap elementor-element-populated\">\n\t\t\t\t\t\t\t<div class=\"elementor-widget-wrap\">\n\t\t\t\t\t\t<div class=\"elementor-element elementor-element-ad52b6a elementor-widget elementor-widget-text-editor\" data-id=\"ad52b6a\" data-element_type=\"widget\" data-widget_type=\"text-editor.default\">\n\t\t\t\t<div class=\"elementor-widget-container\">\n\t\t\t\t\t\t\t\t<div class=\"elementor-text-editor elementor-clearfix\">\n\t\t\t\t<p><strong>Co mo\u017cna zyska\u0107?<\/strong><\/p><ul><li>redukcj\u0119 koszt\u00f3w obs\u0142ugi ksi\u0119gowo-kadrowej<\/li><li>profesjonaln\u0105 obs\u0142ug\u0119, kt\u00f3ra wychodzi naprzeciw potrzebom firmy<\/li><li>wsparcie merytoryczne, za\u0142atwianie spraw urz\u0119dowych<\/li><li>spok\u00f3j i bezpiecze\u0144stwo<\/li><\/ul>\t\t\t\t\t<\/div>\n\t\t\t\t\t\t<\/div>\n\t\t\t\t<\/div>\n\t\t\t\t\t\t<\/div>\n\t\t\t\t\t<\/div>\n\t\t<\/div>\n\t\t\t\t\t\t\t\t<\/div>\n\t\t\t\t\t<\/div>\n\t\t<\/section>\n\t\t\t\t\t\t<\/div>\n\t\t\t\t\t<\/div>\n\t\t<\/div>\n\t\t\t\t\t\t\t\t<\/div>\n\t\t\t\t\t<\/div>\n\t\t<\/section>\n\t\t\t\t<section class=\"elementor-section elementor-top-section elementor-element elementor-element-beb725d elementor-section-boxed elementor-section-height-default elementor-section-height-default\" data-id=\"beb725d\" data-element_type=\"section\">\n\t\t\t\t\t\t<div class=\"elementor-container elementor-column-gap-default\">\n\t\t\t\t\t\t\t<div class=\"elementor-row\">\n\t\t\t\t\t<div class=\"elementor-column elementor-col-100 elementor-top-column elementor-element elementor-element-f334e12\" data-id=\"f334e12\" data-element_type=\"column\">\n\t\t\t<div class=\"elementor-column-wrap elementor-element-populated\">\n\t\t\t\t\t\t\t<div class=\"elementor-widget-wrap\">\n\t\t\t\t\t\t<div class=\"elementor-element elementor-element-b845e75 elementor-widget elementor-widget-text-editor\" data-id=\"b845e75\" data-element_type=\"widget\" data-widget_type=\"text-editor.default\">\n\t\t\t\t<div class=\"elementor-widget-container\">\n\t\t\t\t\t\t\t\t<div class=\"elementor-text-editor elementor-clearfix\">\n\t\t\t\t<p><i><span class=\"wysiwyg-font-size-medium\"><strong>Nasze do\u015bwiadczenie zawodowe w zakresie ksi\u0119gowo\u015bci i finans\u00f3w jest do Pa\u0144stwa dyspozycji<br \/><\/strong>Z powa\u017caniem<strong><br \/>Micha\u0142 Michalski<\/strong><\/span><\/i><\/p>\t\t\t\t\t<\/div>\n\t\t\t\t\t\t<\/div>\n\t\t\t\t<\/div>\n\t\t\t\t\t\t<\/div>\n\t\t\t\t\t<\/div>\n\t\t<\/div>\n\t\t\t\t\t\t\t\t<\/div>\n\t\t\t\t\t<\/div>\n\t\t<\/section>\n\t\t\t\t\t\t\t\t\t<\/div>\n\t\t\t<\/div>\n\t\t\t\t\t<\/div>\n\t\t","protected":false},"excerpt":{"rendered":"<p>Dlaczego my Jeste\u015bmy biurem rachunkowym kt\u00f3re cechuje indywidualne podej\u015bcie do ka\u017cdego klienta, cechuje nas profesjonalizm, dlatego stale aktualizujemy swoj\u0105 wiedz\u0119 z zakresu rachunkowo\u015bci oraz prawa pracy, aby \u015bwiadczone przez nas us\u0142ugi by\u0142y na najwy\u017cszym poziomie. W obecnych czasach informacje dostarczane przez rachunkowo\u015b\u0107 stanowi\u0105 podstaw\u0119 decyzji biznesowych, kt\u00f3re s\u0105 warunkiem umo\u017cliwiaj\u0105cym realizacj\u0119 wyznaczonych firmie cel\u00f3w. Je\u017celi [&hellip;]<\/p>\n","protected":false},"author":1,"featured_media":0,"parent":0,"menu_order":0,"comment_status":"closed","ping_status":"closed","template":"","meta":[],"_links":{"self":[{"href":"https:\/\/synergyksiegowy.pl\/index.php?rest_route=\/wp\/v2\/pages\/130"}],"collection":[{"href":"https:\/\/synergyksiegowy.pl\/index.php?rest_route=\/wp\/v2\/pages"}],"about":[{"href":"https:\/\/synergyksiegowy.pl\/index.php?rest_route=\/wp\/v2\/types\/page"}],"author":[{"embeddable":true,"href":"https:\/\/synergyksiegowy.pl\/index.php?rest_route=\/wp\/v2\/users\/1"}],"replies":[{"embeddable":true,"href":"https:\/\/synergyksiegowy.pl\/index.php?rest_route=%2Fwp%2Fv2%2Fcomments&post=130"}],"version-history":[{"count":5,"href":"https:\/\/synergyksiegowy.pl\/index.php?rest_route=\/wp\/v2\/pages\/130\/revisions"}],"predecessor-version":[{"id":211,"href":"https:\/\/synergyksiegowy.pl\/index.php?rest_route=\/wp\/v2\/pages\/130\/revisions\/211"}],"wp:attachment":[{"href":"https:\/\/synergyksiegowy.pl\/index.php?rest_route=%2Fwp%2Fv2%2Fmedia&parent=130"}],"curies":[{"name":"wp","href":"https:\/\/api.w.org\/{rel}","templated":true}]}}