{"id":199,"date":"2018-05-30T13:13:58","date_gmt":"2018-05-30T11:13:58","guid":{"rendered":"http:\/\/synergyksiegowy.pl\/?page_id=199"},"modified":"2018-05-30T14:58:10","modified_gmt":"2018-05-30T12:58:10","slug":"kadry-i-place","status":"publish","type":"page","link":"https:\/\/synergyksiegowy.pl\/?page_id=199","title":{"rendered":"Kadry i p\u0142ace"},"content":{"rendered":"\t\t<div data-elementor-type=\"wp-post\" data-elementor-id=\"199\" class=\"elementor elementor-199 elementor-bc-flex-widget\">\n\t\t\t\t\t\t<div class=\"elementor-inner\">\n\t\t\t\t<div class=\"elementor-section-wrap\">\n\t\t\t\t\t\t\t\t\t<section class=\"elementor-section elementor-top-section elementor-element elementor-element-276b4b3 elementor-section-boxed elementor-section-height-default elementor-section-height-default\" data-id=\"276b4b3\" data-element_type=\"section\">\n\t\t\t\t\t\t<div class=\"elementor-container elementor-column-gap-default\">\n\t\t\t\t\t\t\t<div class=\"elementor-row\">\n\t\t\t\t\t<div class=\"elementor-column elementor-col-100 elementor-top-column elementor-element elementor-element-144a34d\" data-id=\"144a34d\" data-element_type=\"column\">\n\t\t\t<div class=\"elementor-column-wrap elementor-element-populated\">\n\t\t\t\t\t\t\t<div class=\"elementor-widget-wrap\">\n\t\t\t\t\t\t<div class=\"elementor-element elementor-element-a4a01c8 elementor-widget elementor-widget-heading\" data-id=\"a4a01c8\" data-element_type=\"widget\" data-widget_type=\"heading.default\">\n\t\t\t\t<div class=\"elementor-widget-container\">\n\t\t\t<h2 class=\"elementor-heading-title elementor-size-default\">W ramach obs\u0142ugi kadrowo - p\u0142acowej zapewniamy:<\/h2>\t\t<\/div>\n\t\t\t\t<\/div>\n\t\t\t\t\t\t<\/div>\n\t\t\t\t\t<\/div>\n\t\t<\/div>\n\t\t\t\t\t\t\t\t<\/div>\n\t\t\t\t\t<\/div>\n\t\t<\/section>\n\t\t\t\t<section class=\"elementor-section elementor-top-section elementor-element elementor-element-9701e96 elementor-section-boxed elementor-section-height-default elementor-section-height-default\" data-id=\"9701e96\" data-element_type=\"section\">\n\t\t\t\t\t\t<div class=\"elementor-container elementor-column-gap-default\">\n\t\t\t\t\t\t\t<div class=\"elementor-row\">\n\t\t\t\t\t<div class=\"elementor-column elementor-col-100 elementor-top-column elementor-element elementor-element-718c011\" data-id=\"718c011\" data-element_type=\"column\">\n\t\t\t<div class=\"elementor-column-wrap elementor-element-populated\">\n\t\t\t\t\t\t\t<div class=\"elementor-widget-wrap\">\n\t\t\t\t\t\t<div class=\"elementor-element elementor-element-baccab1 elementor-widget elementor-widget-text-editor\" data-id=\"baccab1\" data-element_type=\"widget\" data-widget_type=\"text-editor.default\">\n\t\t\t\t<div class=\"elementor-widget-container\">\n\t\t\t\t\t\t\t\t<div class=\"elementor-text-editor elementor-clearfix\">\n\t\t\t\t<div class=\"wpb_text_column wpb_content_element \"><div class=\"wpb_wrapper\"><ul><li>Prowadzenie ewidencji kadrowo p\u0142acowych pracownik\u00f3w,<\/li><li>Prowadzenie akt osobowych pracownik\u00f3w, w zakresie wynikaj\u0105cym z prawa pracy i przepis\u00f3w szczeg\u00f3lnych,<\/li><li>Sporz\u0105dzanie um\u00f3w o prac\u0119 oraz \u015bwiadectw pracy,<\/li><li>Rejestrowanie pracownik\u00f3w w ZUS i wyrejestrowywanie,<\/li><li>Sporz\u0105dzanie miesi\u0119cznych list p\u0142ac pracownik\u00f3w zatrudnionych na podstawie umowy o prac\u0119,<\/li><li>Naliczanie wynagrodze\u0144 za czas nieobecno\u015bci do pracy spowodowanej chorob\u0105, zasi\u0142k\u00f3w chorobowych, macierzy\u0144skich i opieku\u0144czych, kontrola prawid\u0142owo\u015bci ustalania prawa do zasi\u0142ku chorobowego,<\/li><li>Sporz\u0105dzanie um\u00f3w zlecenia i um\u00f3w o dzie\u0142o,<\/li><li>Naliczanie i sporz\u0105dzanie list wyp\u0142at na podstawie rachunk\u00f3w do zawartych przez Podatnika um\u00f3w zlece\u0144 i um\u00f3w o dzie\u0142o,<\/li><li>Obliczenie miesi\u0119cznych zaliczek w podatku dochodowym od os\u00f3b fizycznych zatrudnionych przez Pracodawc\u0119 oraz przygotowanie odpowiednich przelew\u00f3w zaliczek na ten podatek,<\/li><li>Naliczanie comiesi\u0119cznych sk\u0142adek ZUS oraz sporz\u0105dzanie stosownych deklaracji i przesy\u0142anie ich w formie elektronicznej do ZUS, a tak\u017ce przygotowanie odpowiednich przelew\u00f3w tych sk\u0142adek,<\/li><li>Sporz\u0105dzanie rocznych informacji o uzyskanych dochodach, oraz o pobranych zaliczkach na podatek dochodowy (PIT-11, PIT-4R, PIT-8A),<\/li><li><i> <\/i>Wystawianie za\u015bwiadcze\u0144 o wynagrodzeniu pracownik\u00f3w<\/li><\/ul><\/div><\/div>\t\t\t\t\t<\/div>\n\t\t\t\t\t\t<\/div>\n\t\t\t\t<\/div>\n\t\t\t\t\t\t<\/div>\n\t\t\t\t\t<\/div>\n\t\t<\/div>\n\t\t\t\t\t\t\t\t<\/div>\n\t\t\t\t\t<\/div>\n\t\t<\/section>\n\t\t\t\t\t\t\t\t\t<\/div>\n\t\t\t<\/div>\n\t\t\t\t\t<\/div>\n\t\t","protected":false},"excerpt":{"rendered":"<p>W ramach obs\u0142ugi kadrowo &#8211; p\u0142acowej zapewniamy: Prowadzenie ewidencji kadrowo p\u0142acowych pracownik\u00f3w, Prowadzenie akt osobowych pracownik\u00f3w, w zakresie wynikaj\u0105cym z prawa pracy i przepis\u00f3w szczeg\u00f3lnych, Sporz\u0105dzanie um\u00f3w o prac\u0119 oraz \u015bwiadectw pracy, Rejestrowanie pracownik\u00f3w w ZUS i wyrejestrowywanie, Sporz\u0105dzanie miesi\u0119cznych list p\u0142ac pracownik\u00f3w zatrudnionych na podstawie umowy o prac\u0119, Naliczanie wynagrodze\u0144 za czas nieobecno\u015bci do [&hellip;]<\/p>\n","protected":false},"author":1,"featured_media":0,"parent":0,"menu_order":0,"comment_status":"closed","ping_status":"closed","template":"","meta":[],"_links":{"self":[{"href":"https:\/\/synergyksiegowy.pl\/index.php?rest_route=\/wp\/v2\/pages\/199"}],"collection":[{"href":"https:\/\/synergyksiegowy.pl\/index.php?rest_route=\/wp\/v2\/pages"}],"about":[{"href":"https:\/\/synergyksiegowy.pl\/index.php?rest_route=\/wp\/v2\/types\/page"}],"author":[{"embeddable":true,"href":"https:\/\/synergyksiegowy.pl\/index.php?rest_route=\/wp\/v2\/users\/1"}],"replies":[{"embeddable":true,"href":"https:\/\/synergyksiegowy.pl\/index.php?rest_route=%2Fwp%2Fv2%2Fcomments&post=199"}],"version-history":[{"count":2,"href":"https:\/\/synergyksiegowy.pl\/index.php?rest_route=\/wp\/v2\/pages\/199\/revisions"}],"predecessor-version":[{"id":217,"href":"https:\/\/synergyksiegowy.pl\/index.php?rest_route=\/wp\/v2\/pages\/199\/revisions\/217"}],"wp:attachment":[{"href":"https:\/\/synergyksiegowy.pl\/index.php?rest_route=%2Fwp%2Fv2%2Fmedia&parent=199"}],"curies":[{"name":"wp","href":"https:\/\/api.w.org\/{rel}","templated":true}]}}