{"id":201,"date":"2018-05-30T13:14:15","date_gmt":"2018-05-30T11:14:15","guid":{"rendered":"http:\/\/synergyksiegowy.pl\/?page_id=201"},"modified":"2018-05-30T15:33:38","modified_gmt":"2018-05-30T13:33:38","slug":"rozpoczecie-dzialalnosci","status":"publish","type":"page","link":"https:\/\/synergyksiegowy.pl\/?page_id=201","title":{"rendered":"Rozpocz\u0119cie dzia\u0142alno\u015bci"},"content":{"rendered":"\t\t<div data-elementor-type=\"wp-page\" data-elementor-id=\"201\" class=\"elementor elementor-201 elementor-bc-flex-widget\">\n\t\t\t\t\t\t<div class=\"elementor-inner\">\n\t\t\t\t<div class=\"elementor-section-wrap\">\n\t\t\t\t\t\t\t\t\t<section class=\"elementor-section elementor-top-section elementor-element elementor-element-ecaf3e1 elementor-section-boxed elementor-section-height-default elementor-section-height-default\" data-id=\"ecaf3e1\" data-element_type=\"section\">\n\t\t\t\t\t\t<div class=\"elementor-container elementor-column-gap-default\">\n\t\t\t\t\t\t\t<div class=\"elementor-row\">\n\t\t\t\t\t<div class=\"elementor-column elementor-col-100 elementor-top-column elementor-element elementor-element-0cbb96d\" data-id=\"0cbb96d\" data-element_type=\"column\">\n\t\t\t<div class=\"elementor-column-wrap elementor-element-populated\">\n\t\t\t\t\t\t\t<div class=\"elementor-widget-wrap\">\n\t\t\t\t\t\t<div class=\"elementor-element elementor-element-5e7f2c3 elementor-widget elementor-widget-heading\" data-id=\"5e7f2c3\" data-element_type=\"widget\" data-widget_type=\"heading.default\">\n\t\t\t\t<div class=\"elementor-widget-container\">\n\t\t\t<h2 class=\"elementor-heading-title elementor-size-default\">Pomoc w rejestracji dzia\u0142alno\u015bci<\/h2>\t\t<\/div>\n\t\t\t\t<\/div>\n\t\t\t\t\t\t<\/div>\n\t\t\t\t\t<\/div>\n\t\t<\/div>\n\t\t\t\t\t\t\t\t<\/div>\n\t\t\t\t\t<\/div>\n\t\t<\/section>\n\t\t\t\t<section class=\"elementor-section elementor-top-section elementor-element elementor-element-435991f elementor-section-boxed elementor-section-height-default elementor-section-height-default\" data-id=\"435991f\" data-element_type=\"section\">\n\t\t\t\t\t\t<div class=\"elementor-container elementor-column-gap-default\">\n\t\t\t\t\t\t\t<div class=\"elementor-row\">\n\t\t\t\t\t<div class=\"elementor-column elementor-col-100 elementor-top-column elementor-element elementor-element-aa73202\" data-id=\"aa73202\" data-element_type=\"column\">\n\t\t\t<div class=\"elementor-column-wrap\">\n\t\t\t\t\t\t\t<div class=\"elementor-widget-wrap\">\n\t\t\t\t\t\t\t\t<\/div>\n\t\t\t\t\t<\/div>\n\t\t<\/div>\n\t\t\t\t\t\t\t\t<\/div>\n\t\t\t\t\t<\/div>\n\t\t<\/section>\n\t\t\t\t<section class=\"elementor-section elementor-top-section elementor-element elementor-element-2727ad5 elementor-section-boxed elementor-section-height-default elementor-section-height-default\" data-id=\"2727ad5\" data-element_type=\"section\">\n\t\t\t\t\t\t<div class=\"elementor-container elementor-column-gap-default\">\n\t\t\t\t\t\t\t<div class=\"elementor-row\">\n\t\t\t\t\t<div class=\"elementor-column elementor-col-100 elementor-top-column elementor-element elementor-element-e155c20\" data-id=\"e155c20\" data-element_type=\"column\">\n\t\t\t<div class=\"elementor-column-wrap elementor-element-populated\">\n\t\t\t\t\t\t\t<div class=\"elementor-widget-wrap\">\n\t\t\t\t\t\t<div class=\"elementor-element elementor-element-5237d92 elementor-widget elementor-widget-text-editor\" data-id=\"5237d92\" data-element_type=\"widget\" data-widget_type=\"text-editor.default\">\n\t\t\t\t<div class=\"elementor-widget-container\">\n\t\t\t\t\t\t\t\t<div class=\"elementor-text-editor elementor-clearfix\">\n\t\t\t\t<table border=\"0\" width=\"90%\" cellspacing=\"0\" cellpadding=\"0\"><tbody><tr><td><p>Je\u017celi planujecie Pa\u0144stwo otwarcie w\u0142asnej dzia\u0142alno\u015bci oferujemy nasz\u0105 wiedz\u0119 i do\u015bwiadczenie przy za\u0142atwianiu zwi\u0105zanych z tym formalno\u015bci oraz doborem odpowiedniej dla Pa\u0144stwa formy rozlicze\u0144.<\/p><\/td><\/tr><tr><td height=\"30\">\u00a0<\/td><\/tr><\/tbody><\/table>\t\t\t\t\t<\/div>\n\t\t\t\t\t\t<\/div>\n\t\t\t\t<\/div>\n\t\t\t\t\t\t<\/div>\n\t\t\t\t\t<\/div>\n\t\t<\/div>\n\t\t\t\t\t\t\t\t<\/div>\n\t\t\t\t\t<\/div>\n\t\t<\/section>\n\t\t\t\t\t\t\t\t\t<\/div>\n\t\t\t<\/div>\n\t\t\t\t\t<\/div>\n\t\t","protected":false},"excerpt":{"rendered":"<p>Pomoc w rejestracji dzia\u0142alno\u015bci Je\u017celi planujecie Pa\u0144stwo otwarcie w\u0142asnej dzia\u0142alno\u015bci oferujemy nasz\u0105 wiedz\u0119 i do\u015bwiadczenie przy za\u0142atwianiu zwi\u0105zanych z tym formalno\u015bci oraz doborem odpowiedniej dla Pa\u0144stwa formy rozlicze\u0144. \u00a0<\/p>\n","protected":false},"author":1,"featured_media":0,"parent":0,"menu_order":0,"comment_status":"closed","ping_status":"closed","template":"","meta":[],"_links":{"self":[{"href":"https:\/\/synergyksiegowy.pl\/index.php?rest_route=\/wp\/v2\/pages\/201"}],"collection":[{"href":"https:\/\/synergyksiegowy.pl\/index.php?rest_route=\/wp\/v2\/pages"}],"about":[{"href":"https:\/\/synergyksiegowy.pl\/index.php?rest_route=\/wp\/v2\/types\/page"}],"author":[{"embeddable":true,"href":"https:\/\/synergyksiegowy.pl\/index.php?rest_route=\/wp\/v2\/users\/1"}],"replies":[{"embeddable":true,"href":"https:\/\/synergyksiegowy.pl\/index.php?rest_route=%2Fwp%2Fv2%2Fcomments&post=201"}],"version-history":[{"count":2,"href":"https:\/\/synergyksiegowy.pl\/index.php?rest_route=\/wp\/v2\/pages\/201\/revisions"}],"predecessor-version":[{"id":218,"href":"https:\/\/synergyksiegowy.pl\/index.php?rest_route=\/wp\/v2\/pages\/201\/revisions\/218"}],"wp:attachment":[{"href":"https:\/\/synergyksiegowy.pl\/index.php?rest_route=%2Fwp%2Fv2%2Fmedia&parent=201"}],"curies":[{"name":"wp","href":"https:\/\/api.w.org\/{rel}","templated":true}]}}